
{"id":1187,"date":"2015-02-26T05:34:00","date_gmt":"2015-02-26T05:34:00","guid":{"rendered":"https:\/\/jovenesenbuscadelsur.org\/eu\/index.php\/inicio\/"},"modified":"2025-07-08T10:49:51","modified_gmt":"2025-07-08T08:49:51","slug":"hasiera","status":"publish","type":"page","link":"https:\/\/jovenesenbuscadelsur.org\/eu\/","title":{"rendered":"Hasiera"},"content":{"rendered":"<section class=\"wpb-content-wrapper\"><p>[vc_row][vc_column][vc_empty_space][\/vc_column][\/vc_row][vc_row css=&#8221;.vc_custom_1452164367186{padding-right: 20px !important;padding-left: 20px !important;}&#8221;][vc_column][vc_custom_heading text=&#8221;Qu\u00e9 es J\u00f3venes en Busca del Sur&#8221; use_theme_fonts=&#8221;yes&#8221;][vc_column_text css_animation=&#8221;top-to-bottom&#8221; el_class=&#8221;lbx_clear_links&#8221;]<\/p>\n<div class=\"alignleft\"><a href=\"https:\/\/jovenesenbuscadelsur.org\/wp-content\/uploads\/2018\/01\/imagen-cartel_web.jpg\"><img decoding=\"async\" loading=\"lazy\" class=\"alignleft wp-image-2278 size-medium\" src=\"https:\/\/jovenesenbuscadelsur.org\/wp-content\/uploads\/2018\/01\/imagen-cartel_web-212x300.jpg\" alt=\"\" width=\"212\" height=\"300\" srcset=\"https:\/\/jovenesenbuscadelsur.org\/wp-content\/uploads\/2018\/01\/imagen-cartel_web-212x300.jpg 212w, https:\/\/jovenesenbuscadelsur.org\/wp-content\/uploads\/2018\/01\/imagen-cartel_web.jpg 628w\" sizes=\"(max-width: 212px) 100vw, 212px\" \/><\/a><\/div>\n<p>J\u00f3venes en busca del Sur es un juego-concurso de sensibilizaci\u00f3n organizado por medicusmundi \u00e1lava\/araba, bizkaia y gipuzkoa y dirigido a j\u00f3venes de entre 19 y 30 a\u00f1os, que hayan nacido, residan, estudien o trabajen en Euskadi.<\/p>\n<p>En 2018 se celebra la 6\u00aa edici\u00f3n de este concurso que tiene un doble objetivo; por un lado, aumentar el conocimiento y el inter\u00e9s de las y los j\u00f3venes por la realidad de los pa\u00edses del Sur, partiendo de la idea de que nos encontramos en un mundo globalizado en el que las problem\u00e1ticas y circunstancias que se viven en diferentes partes del planeta est\u00e1n cada d\u00eda m\u00e1s relacionadas.<\/p>\n<p>Por otro, busca favorecer la colaboraci\u00f3n, la reflexi\u00f3n y el trabajo creativo en equipo de las y los participantes. En definitiva, se trata de promover su compromiso en la lucha para lograr una transformaci\u00f3n real y un mundo m\u00e1s justo.<\/p>\n<p style=\"text-align: right;\"><a href=\"https:\/\/jovenesenbuscadelsur.org\/index.php\/concurso\/\">Leer m\u00e1s sobre el concurso &gt;&gt;<\/a><\/p>\n<p>[\/vc_column_text][vc_empty_space][\/vc_column][\/vc_row][vc_row][vc_column]<div class=\"detail-holder clearfix\"><div class=\"four columns\"><div class=\"detail-box\"><div class=\"detail-entry\"><h6>Taldeak<\/h6><i class=\"fa fa-child\"><\/i><p> <\/p><a class=\"button default frame\" href=\"\/eu\/index.php\/taldeak\">Ver<\/a><\/div><div data-color-state=\"\" data-color-hover=\"\" class=\"transform mixed-bg-1\"><\/div><\/div><\/div><div class=\"four columns\"><div class=\"detail-box\"><div class=\"detail-entry\"><h6>Sariak<\/h6><i class=\" fa fa-trophy\"><\/i><p> <\/p><a class=\"button default frame\" href=\"\/eu\/index.php\/sariak\">Ver<\/a><\/div><div data-color-state=\"\" data-color-hover=\"\" class=\"transform mixed-bg-2\"><\/div><\/div><\/div><div class=\"four columns\"><div class=\"detail-box\"><div class=\"detail-entry\"><h6>Probak<\/h6><i class=\"fa fa-flag\"><\/i><p> <\/p><a class=\"button default frame\" href=\"\/eu\/index.php\/probak\">Ver<\/a><\/div><div data-color-state=\"\" data-color-hover=\"\" class=\"transform mixed-bg-3\"><\/div><\/div><\/div><div class=\"four columns\"><div class=\"detail-box\"><div class=\"detail-entry\"><h6>Oinarriak<\/h6><i class=\"fa fa-list-ul\"><\/i><p> <\/p><a class=\"button default frame\" href=\"\/eu\/index.php\/oinarriak\">Ver<\/a><\/div><div data-color-state=\"\" data-color-hover=\"\" class=\"transform mixed-bg-4\"><\/div><\/div><\/div><\/div>[vc_btn title=&#8221;OSASUNA ESKUBIDEAREN AURKAKO MEHATXUEI AURRE EGITEN &#8211; ENFRENTANDO LAS AMENAZAS AL DERECHO A LA SALUD&#8221; color=&#8221;pink&#8221; size=&#8221;lg&#8221; align=&#8221;center&#8221; link=&#8221;url:https%3A%2F%2Fjovenesenbuscadelsur.org%2Feu%2Feman_izena%2F|&#8221; button_block=&#8221;true&#8221; el_class=&#8221;.lbx_pink_button&#8221;][\/vc_column][\/vc_row][vc_row][vc_column][vc_custom_heading text=&#8221;\u00daltimas Noticias&#8221; use_theme_fonts=&#8221;yes&#8221;][vc_column_text]<div class=\"divider-solid\"><\/div><div class=\"jcarousel-container\" data-animated=\"flipInX\" data-delay=\"0\"><h4 class=\"content-title\"><\/h4><ul data-scroll-count=\"1\" data-auto=\"7\" class=\"projects-carousel al_ul clearfix\"><li class=\"lbx_news_two_columns\"><div class=\"preloader alignleft\"> <a href=\"https:\/\/jovenesenbuscadelsur.org\/wp-content\/uploads\/2018\/05\/video_collage.jpg\" class=\"bwWrapper single-image zoom-icon\"><img src=\"https:\/\/jovenesenbuscadelsur.org\/wp-content\/uploads\/2018\/05\/video_collage-220x147.jpg\" alt=\"\"\/> <\/a> <\/div><!--\/ .preloader--><p>Youtuben ikusgai dago jada Gazteak Hegoaren Bila ekimeneko VI. aldian parte hartutako taldeen lehen saioko esketx guztiekin egindako muntaketa. Bideo horietan gure politikariei eskatu behar zitzaien osasun sistema inklusibo bat, pertsona guztiei ziurtatuko diena osasunerako eskubidea, kontuan hartu gabe zein den generoa, gizarte edo ikasketa maila, edo jaiotza lekua. Horrela, esketxen egileek modu ironiko eta &hellip; <a href=\"https:\/\/jovenesenbuscadelsur.org\/eu\/ikusgai-jarri-ditugu-lehiaketan-parte-hartu-duten-taldeen-esketxak\/\" class=\"more-link\"><br\/>Seguir leyendo <span class=\"screen-reader-text\">Ikusgai jarri ditugu lehiaketan parte hartu duten taldeen esketxak<\/span> <span class=\"meta-nav\">&rarr;<\/span><\/a><\/p><a href=\"https:\/\/jovenesenbuscadelsur.org\/eu\/ikusgai-jarri-ditugu-lehiaketan-parte-hartu-duten-taldeen-esketxak\/\" class=\"project-meta\">\n                            <h6 class=\"title\">Ikusgai jarri ditugu lehiaketan parte hartu duten taldeen esketxak<\/h6>\n                            <span class=\"categories\">[ Leer m\u00e1s ]<\/span> <\/a> <\/li><li class=\"lbx_news_two_columns\"><div class=\"preloader alignleft\"> <a href=\"https:\/\/jovenesenbuscadelsur.org\/wp-content\/uploads\/2018\/04\/lorocas.jpg\" class=\"bwWrapper single-image zoom-icon\"><img src=\"https:\/\/jovenesenbuscadelsur.org\/wp-content\/uploads\/2018\/04\/lorocas-220x147.jpg\" alt=\"\"\/> <\/a> <\/div><!--\/ .preloader--><p>Larunbat honetan, apirilak 21, \u201cGazteak Hegoaren bila\u201d lehiaketaren seigarren edizioko azken proba eta bukaerako jaia egin dituzte Donostian Euskadiko hiru medicusmundi elkarteek. Donostiako Parte Zaharreko kaleetan proba burutu eta gero, bertako zenbait dendaren laguntzarekin, bukaerako jaia egin zen Kresalan, eta han banatu zitzaizkien sariak talde irabazleei. Las Lorocas taldeak eskuratu du lehen saria, alegia, Erdialdeko &hellip; <a href=\"https:\/\/jovenesenbuscadelsur.org\/eu\/el-equipo-las-lorocas-gana-la-sexta-edicion-del-concurso-jovenes-en-busca-del-sur\/\" class=\"more-link\"><br\/>Seguir leyendo <span class=\"screen-reader-text\">Las Lorocas taldeak irabazi du Gazteak Hegoaren Bila lehiaketaren seigarren edizioa<\/span> <span class=\"meta-nav\">&rarr;<\/span><\/a><\/p><a href=\"https:\/\/jovenesenbuscadelsur.org\/eu\/el-equipo-las-lorocas-gana-la-sexta-edicion-del-concurso-jovenes-en-busca-del-sur\/\" class=\"project-meta\">\n                            <h6 class=\"title\">Las Lorocas taldeak irabazi du Gazteak Hegoaren Bila lehiaketaren seigarren edizioa<\/h6>\n                            <span class=\"categories\">[ Leer m\u00e1s ]<\/span> <\/a> <\/li><li class=\"lbx_news_two_columns\"><p>3. Proba: botiken berrordainketa Bazenekien urtero ehun milioi pertsona baino gehiago pobretu egiten direla, osasun-laguntza jasotzeko ordaindu behar dituzten gastuen ondorioz? Espainiako gobernuak 2012an onartu zuen koordainketaren \u2013edo, medicusmundin deitu nahiago diogun bezala, berrordainketaren\u2013 eredua, eta eredu horren arabera ezartzen da pertsona guztiak beharturik daudela beren botiken kostuaren ehuneko bat ordaintzera, errenta-tarte batzuen arabera. Neurri &hellip; <a href=\"https:\/\/jovenesenbuscadelsur.org\/eu\/3-probaren-argitalpena\/\" class=\"more-link\"><br\/>Seguir leyendo <span class=\"screen-reader-text\">3. probaren argitalpena<\/span> <span class=\"meta-nav\">&rarr;<\/span><\/a><\/p><a href=\"https:\/\/jovenesenbuscadelsur.org\/eu\/3-probaren-argitalpena\/\" class=\"project-meta\">\n                            <h6 class=\"title\">3. probaren argitalpena<\/h6>\n                            <span class=\"categories\">[ Leer m\u00e1s ]<\/span> <\/a> <\/li><li class=\"lbx_news_two_columns\"><div class=\"preloader alignleft\"> <a href=\"https:\/\/jovenesenbuscadelsur.org\/wp-content\/uploads\/2018\/02\/imagen-redes-sin-fecha.jpg\" class=\"bwWrapper single-image zoom-icon\"><img src=\"https:\/\/jovenesenbuscadelsur.org\/wp-content\/uploads\/2018\/02\/imagen-redes-sin-fecha-220x147.jpg\" alt=\"\"\/> <\/a> <\/div><!--\/ .preloader--><p>Euskadiko medicusmundiko hiru elkarteek (medicusmundi Araba, medicusmundi Bizkaia eta medicusmundi Gipuzkoa) bi urtean behin antolatzen dute Gazteak Hegoaren bila lehiaketa, eta haren seigarren ekitaldian 19 eta 30 urte arteko berrehun gaztek baino gehiagok parte hartuko dute, lau kideko taldeetan. Martxoaren 5ean abiatu zen lehiaketa honetan, parte-hartzaileek gogoeta egin ahalko dute osasun-zerbitzuen erabileran gertatzen diren ekitaterik &hellip; <a href=\"https:\/\/jovenesenbuscadelsur.org\/eu\/gazteak-hegoaren-bila-lehiaketak-200-parte-hartzaile-baino-gehiago-bildu-ditu\/\" class=\"more-link\"><br\/>Seguir leyendo <span class=\"screen-reader-text\">Gazteak Hegoaren Bila lehiaketak 200 parte-hartzaile baino gehiago bildu ditu<\/span> <span class=\"meta-nav\">&rarr;<\/span><\/a><\/p><a href=\"https:\/\/jovenesenbuscadelsur.org\/eu\/gazteak-hegoaren-bila-lehiaketak-200-parte-hartzaile-baino-gehiago-bildu-ditu\/\" class=\"project-meta\">\n                            <h6 class=\"title\">Gazteak Hegoaren Bila lehiaketak 200 parte-hartzaile baino gehiago bildu ditu<\/h6>\n                            <span class=\"categories\">[ Leer m\u00e1s ]<\/span> <\/a> <\/li><li class=\"lbx_news_two_columns\"><div class=\"preloader alignleft\"> <a href=\"https:\/\/jovenesenbuscadelsur.org\/wp-content\/uploads\/2018\/02\/imagen-redes-sin-fecha.jpg\" class=\"bwWrapper single-image zoom-icon\"><img src=\"https:\/\/jovenesenbuscadelsur.org\/wp-content\/uploads\/2018\/02\/imagen-redes-sin-fecha-220x147.jpg\" alt=\"\"\/> <\/a> <\/div><!--\/ .preloader--><p>Ez duzu izena emateko denborarik izan?, izena emateko epea konturatu gabe pasa al zaizu? ezagutzen duzun norbaitek parte hartuko du eta zu irrikitan zaude orain? egon lasai! Gazteak Hegoaren Bila lehiaketan IZENA EMATEKO EPEA LUZATU DUGU MARTXOAREN 4ra ARTE !!! Erdialdeko Amerikara bidaiatu eta lehen eskutik lankidetza proiekturen bat ezagutu nahi al duzu? Hementxe duzu &hellip; <a href=\"https:\/\/jovenesenbuscadelsur.org\/eu\/izena-emateko-epea-martxoaren-4ra-arte-luzatu-dugu\/\" class=\"more-link\"><br\/>Seguir leyendo <span class=\"screen-reader-text\">Izena emateko epea martxoaren 4ra arte luzatu dugu!<\/span> <span class=\"meta-nav\">&rarr;<\/span><\/a><\/p><a href=\"https:\/\/jovenesenbuscadelsur.org\/eu\/izena-emateko-epea-martxoaren-4ra-arte-luzatu-dugu\/\" class=\"project-meta\">\n                            <h6 class=\"title\">Izena emateko epea martxoaren 4ra arte luzatu dugu!<\/h6>\n                            <span class=\"categories\">[ Leer m\u00e1s ]<\/span> <\/a> <\/li><li class=\"lbx_news_two_columns\"><div class=\"preloader alignleft\"> <a href=\"https:\/\/jovenesenbuscadelsur.org\/wp-content\/uploads\/2018\/01\/imagen-cartel_web.jpg\" class=\"bwWrapper single-image zoom-icon\"><img src=\"https:\/\/jovenesenbuscadelsur.org\/wp-content\/uploads\/2018\/01\/imagen-cartel_web-220x147.jpg\" alt=\"\"\/> <\/a> <\/div><!--\/ .preloader--><p>Gazteak Hegoaren Bila lehiaketaren 6. edizioa &#8220;Osasuna eskubidearen aurkako mehatxuei aurre egiten&#8221;. Euskadiko medicusmundiko hiru elkarteek dei egiten diegu bertako gazteei Gazteak Hegoaren Bila lehiaketaren 6. edizioan\u00a0 parte hartzera. Helburua da gogoeta kritikoa eragitea, egin beharko diren proben bidez, desparekotasun eta bidegabekeria sozialen inguruan, eta herrialde txirotuetako errealitatea nahiz zenbait arazo global \u2013hala nola osasun-zerbitzuak &hellip; <a href=\"https:\/\/jovenesenbuscadelsur.org\/eu\/gazteak-hegoaren-bila-2018-leihaketan-izena-emateko-epea-zabalik\/\" class=\"more-link\"><br\/>Seguir leyendo <span class=\"screen-reader-text\">Gazteak Hegoaren Bila 2018 leihaketan izena emateko epea zabalik!<\/span> <span class=\"meta-nav\">&rarr;<\/span><\/a><\/p><a href=\"https:\/\/jovenesenbuscadelsur.org\/eu\/gazteak-hegoaren-bila-2018-leihaketan-izena-emateko-epea-zabalik\/\" class=\"project-meta\">\n                            <h6 class=\"title\">Gazteak Hegoaren Bila 2018 leihaketan izena emateko epea zabalik!<\/h6>\n                            <span class=\"categories\">[ Leer m\u00e1s ]<\/span> <\/a> <\/li><\/ul><\/div>[\/vc_column_text][\/vc_column][\/vc_row][vc_row][vc_column][vc_column_text]<div class=\"sixteen columns\" data-animated=\"fadeIn\" data-delay=\"0\">\n\t\t<h3 class=\"content-title align-center\"><\/h3>\n\t<\/div>\n\t<div class=\"sixteen columns button-group align-center\"> <a href=\"\/index.php\/bases\" class=\"button big gray\" data-animated=\"fadeInLeft\">\n\t\t<h4>Bases<\/h4><span class=\"subtitle\"> <\/span><\/a><span class=\"icon\"><i class=\"fa fa-stethoscope\"><\/i><\/span> <a href=\"\/index.php\/apuntate\" class=\"button big color\" data-animated=\"fadeInRight\"><h4>\u00a1Ap\u00fantate!<\/h4>\n\t\t<span class=\"subtitle\"> <\/span><\/a> <\/div>[\/vc_column_text][\/vc_column][\/vc_row]<\/p>\n<\/section>","protected":false},"excerpt":{"rendered":"<p>[vc_row][vc_column][vc_empty_space][\/vc_column][\/vc_row][vc_row css=&#8221;.vc_custom_1452164367186{padding-right: 20px !important;padding-left: 20px !important;}&#8221;][vc_column][vc_custom_heading text=&#8221;Qu\u00e9 es J\u00f3venes en Busca del Sur&#8221; use_theme_fonts=&#8221;yes&#8221;][vc_column_text css_animation=&#8221;top-to-bottom&#8221; el_class=&#8221;lbx_clear_links&#8221;] J\u00f3venes en busca del Sur es un juego-concurso de sensibilizaci\u00f3n organizado por medicusmundi \u00e1lava\/araba, bizkaia y gipuzkoa y dirigido a j\u00f3venes de entre 19 y 30 a\u00f1os, que hayan nacido, residan, estudien o trabajen en Euskadi. En 2018 se &hellip; <a href=\"https:\/\/jovenesenbuscadelsur.org\/eu\/gazteak-hegoaren-bila-2018-leihaketan-izena-emateko-epea-zabalik\/\" class=\"more-link\"><br \/>Seguir leyendo <span class=\"screen-reader-text\">Gazteak Hegoaren Bila 2018 leihaketan izena emateko epea zabalik!<\/span> <span class=\"meta-nav\">&rarr;<\/span><\/a><\/p>\n","protected":false},"author":2,"featured_media":0,"parent":0,"menu_order":0,"comment_status":"open","ping_status":"closed","template":"","meta":{"footnotes":""},"_links":{"self":[{"href":"https:\/\/jovenesenbuscadelsur.org\/eu\/wp-json\/wp\/v2\/pages\/1187"}],"collection":[{"href":"https:\/\/jovenesenbuscadelsur.org\/eu\/wp-json\/wp\/v2\/pages"}],"about":[{"href":"https:\/\/jovenesenbuscadelsur.org\/eu\/wp-json\/wp\/v2\/types\/page"}],"author":[{"embeddable":true,"href":"https:\/\/jovenesenbuscadelsur.org\/eu\/wp-json\/wp\/v2\/users\/2"}],"replies":[{"embeddable":true,"href":"https:\/\/jovenesenbuscadelsur.org\/eu\/wp-json\/wp\/v2\/comments?post=1187"}],"version-history":[{"count":58,"href":"https:\/\/jovenesenbuscadelsur.org\/eu\/wp-json\/wp\/v2\/pages\/1187\/revisions"}],"predecessor-version":[{"id":2463,"href":"https:\/\/jovenesenbuscadelsur.org\/eu\/wp-json\/wp\/v2\/pages\/1187\/revisions\/2463"}],"wp:attachment":[{"href":"https:\/\/jovenesenbuscadelsur.org\/eu\/wp-json\/wp\/v2\/media?parent=1187"}],"curies":[{"name":"wp","href":"https:\/\/api.w.org\/{rel}","templated":true}]}}